{"id":5051,"date":"2025-01-30T14:17:42","date_gmt":"2025-01-30T13:17:42","guid":{"rendered":"https:\/\/projekt.sonusart.eu\/test-2\/"},"modified":"2025-02-11T10:48:35","modified_gmt":"2025-02-11T09:48:35","slug":"blog","status":"publish","type":"page","link":"https:\/\/projekt.sonusart.eu\/sl\/blog\/","title":{"rendered":"Blog"},"content":{"rendered":"<div class=\"wpb-content-wrapper\"><p>[vc_row][vc_column]<div class=\"dfd-module-wrapper\"><div class=\"dfd-blog-loop dfd-blog-posts-module  dfd-blog-module-69dbea037efe4 default with-number-decor\" id=\"dfd-blog-module-69dbea037efe4\">\r\n\t<div class=\"dfd-blog-wrap\">\r\n\t\t<div class=\"clearfix\"><div class=\"sort-panel text-center\"><ul class=\"filter\"><li class=\"active\"><a data-filter=\".post\" href=\"#\">Vse<\/a><\/li><li><a data-filter=\".post[data-category~='blog']\" href=\"#\">Blog<\/a><\/li><li><a data-filter=\".post[data-category~='hifi-komponente-sl']\" href=\"#\">HiFi komponente<\/a><\/li><li><a data-filter=\".post[data-category~='predstavljeno']\" href=\"#\">Predstavljeno<\/a><\/li><li><a data-filter=\".post[data-category~='produktov']\" href=\"#\">Produktov<\/a><\/li><\/ul><\/div><\/div>\t\t<div class=\"dfd-blog dfd-blog-fitRows dfd-new-isotope \"  data-columns=\"4\" data-layout-style=\"fitRows\" data-item=\"post\">\r\n\t\t\t\t\t\t<div class=\"post-6288 post type-post status-publish format-standard has-post-thumbnail hentry category-blog text-center\" data-category=\" blog \">\r\n\t\t\t\t\t<div class=\"cover\">\r\n\t\t\t\t\t\t\t\t\t\t\t\t\t<div class=\"entry-media \">\r\n\t\t\t\t\t\t\t\t<div class=\"entry-thumb\">\r\n\t\t\t\t\t\t\t\t\t<img decoding=\"async\" src=\"https:\/\/projekt.sonusart.eu\/wp-content\/uploads\/2026\/02\/DSC01732-900x600.jpg\" alt=\"Najpogostej\u0161i miti o avtomatizaciji doma\"\/>\r\n\t\t\t\t\t\t\t\t\t\r\n\t\t\t\t\t\t\t\t<\/div>\r\n\t\t\t\t\t\t\t\t<div class=\"dfd-blog-heading-wrap\"><div class=\"dfd-news-categories\">                <span class=\"byline category\">\r\n                    <a href=\"https:\/\/projekt.sonusart.eu\/sl\/category\/blog\/\" class=\"fn\">\r\n                        <span class=\"cat-name\">Blog<\/span>\r\n                    <\/a>\r\n                <\/span>\r\n                        <svg xmlns=\"http:\/\/www.w3.org\/2000\/svg\" width=\"24\" height=\"24\" viewBox=\"0 0 24 24\" fill=\"none\">\r\n            <path d=\"M5 12H19\" stroke=\"#525150\" stroke-width=\"2\" stroke-linecap=\"round\" stroke-linejoin=\"round\"><\/path>\r\n            <path d=\"M12 5L19 12L12 19\" stroke=\"#525150\" stroke-width=\"2\" stroke-linecap=\"round\" stroke-linejoin=\"round\"><\/path>\r\n        <\/svg>\r\n        <\/div><div class=\"dfd-blog-title widget-title\" style=\"\"><a href=\"https:\/\/projekt.sonusart.eu\/sl\/najpogostejsi-miti-o-avtomatizaciji-doma\/\" title=\"Najpogostej\u0161i miti o avtomatizaciji doma\">Najpogostej\u0161i miti o avtomatizaciji doma<\/a><\/div><\/div>\t\t\t\t\t\t\t<\/div>\r\n\t\t\t\t\t\t\t\t\t\t\t\t\t\t\t\t\t\t<\/div>\r\n\t\t\t\t<\/div>\r\n\t\t\t\t\t\t\t\t<div class=\"post-6258 post type-post status-publish format-standard has-post-thumbnail hentry category-blog text-center\" data-category=\" blog \">\r\n\t\t\t\t\t<div class=\"cover\">\r\n\t\t\t\t\t\t\t\t\t\t\t\t\t<div class=\"entry-media \">\r\n\t\t\t\t\t\t\t\t<div class=\"entry-thumb\">\r\n\t\t\t\t\t\t\t\t\t<img decoding=\"async\" src=\"https:\/\/projekt.sonusart.eu\/wp-content\/uploads\/2026\/01\/Carsten-Beck-The-HiFi-Frame-7-900x600.jpg\" alt=\"Predstavljamo Canvas HiFi Frame &#8211; ko se zvok, slika in dizajn zlijejo v eno\"\/>\r\n\t\t\t\t\t\t\t\t\t\r\n\t\t\t\t\t\t\t\t<\/div>\r\n\t\t\t\t\t\t\t\t<div class=\"dfd-blog-heading-wrap\"><div class=\"dfd-news-categories\">                <span class=\"byline category\">\r\n                    <a href=\"https:\/\/projekt.sonusart.eu\/sl\/category\/blog\/\" class=\"fn\">\r\n                        <span class=\"cat-name\">Blog<\/span>\r\n                    <\/a>\r\n                <\/span>\r\n                        <svg xmlns=\"http:\/\/www.w3.org\/2000\/svg\" width=\"24\" height=\"24\" viewBox=\"0 0 24 24\" fill=\"none\">\r\n            <path d=\"M5 12H19\" stroke=\"#525150\" stroke-width=\"2\" stroke-linecap=\"round\" stroke-linejoin=\"round\"><\/path>\r\n            <path d=\"M12 5L19 12L12 19\" stroke=\"#525150\" stroke-width=\"2\" stroke-linecap=\"round\" stroke-linejoin=\"round\"><\/path>\r\n        <\/svg>\r\n        <\/div><div class=\"dfd-blog-title widget-title\" style=\"\"><a href=\"https:\/\/projekt.sonusart.eu\/sl\/predstavljamo-canvas-hifi-frame-ko-se-zvok-slika-in-dizajn-zlijejo-v-eno\/\" title=\"Predstavljamo Canvas HiFi Frame &#8211; ko se zvok, slika in dizajn zlijejo v eno\">Predstavljamo Canvas HiFi Frame &#8211; ko se zvok, slika in dizajn zlijejo v eno<\/a><\/div><\/div>\t\t\t\t\t\t\t<\/div>\r\n\t\t\t\t\t\t\t\t\t\t\t\t\t\t\t\t\t\t<\/div>\r\n\t\t\t\t<\/div>\r\n\t\t\t\t\t\t\t\t<div class=\"post-6225 post type-post status-publish format-standard has-post-thumbnail hentry category-blog text-center\" data-category=\" blog \">\r\n\t\t\t\t\t<div class=\"cover\">\r\n\t\t\t\t\t\t\t\t\t\t\t\t\t<div class=\"entry-media \">\r\n\t\t\t\t\t\t\t\t<div class=\"entry-thumb\">\r\n\t\t\t\t\t\t\t\t\t<img decoding=\"async\" src=\"https:\/\/projekt.sonusart.eu\/wp-content\/uploads\/2026\/01\/Era-006-300dpi-900x600.jpg\" alt=\"Oblikovanje za prihodnost: vloga pametnih domov v sodobnem notranjem oblikovanju\"\/>\r\n\t\t\t\t\t\t\t\t\t\r\n\t\t\t\t\t\t\t\t<\/div>\r\n\t\t\t\t\t\t\t\t<div class=\"dfd-blog-heading-wrap\"><div class=\"dfd-news-categories\">                <span class=\"byline category\">\r\n                    <a href=\"https:\/\/projekt.sonusart.eu\/sl\/category\/blog\/\" class=\"fn\">\r\n                        <span class=\"cat-name\">Blog<\/span>\r\n                    <\/a>\r\n                <\/span>\r\n                        <svg xmlns=\"http:\/\/www.w3.org\/2000\/svg\" width=\"24\" height=\"24\" viewBox=\"0 0 24 24\" fill=\"none\">\r\n            <path d=\"M5 12H19\" stroke=\"#525150\" stroke-width=\"2\" stroke-linecap=\"round\" stroke-linejoin=\"round\"><\/path>\r\n            <path d=\"M12 5L19 12L12 19\" stroke=\"#525150\" stroke-width=\"2\" stroke-linecap=\"round\" stroke-linejoin=\"round\"><\/path>\r\n        <\/svg>\r\n        <\/div><div class=\"dfd-blog-title widget-title\" style=\"\"><a href=\"https:\/\/projekt.sonusart.eu\/sl\/oblikovanje-za-prihodnost-vloga-pametnih-domov-v-sodobnem-notranjem-oblikovanju\/\" title=\"Oblikovanje za prihodnost: vloga pametnih domov v sodobnem notranjem oblikovanju\">Oblikovanje za prihodnost: vloga pametnih domov v sodobnem notranjem oblikovanju<\/a><\/div><\/div>\t\t\t\t\t\t\t<\/div>\r\n\t\t\t\t\t\t\t\t\t\t\t\t\t\t\t\t\t\t<\/div>\r\n\t\t\t\t<\/div>\r\n\t\t\t\t\t\t\t\t<div class=\"post-6196 post type-post status-publish format-standard has-post-thumbnail hentry category-blog tag-domaci-kino tag-epson-sl tag-projektor-sl text-center\" data-category=\" blog \">\r\n\t\t\t\t\t<div class=\"cover\">\r\n\t\t\t\t\t\t\t\t\t\t\t\t\t<div class=\"entry-media \">\r\n\t\t\t\t\t\t\t\t<div class=\"entry-thumb\">\r\n\t\t\t\t\t\t\t\t\t<img decoding=\"async\" src=\"https:\/\/projekt.sonusart.eu\/wp-content\/uploads\/2025\/11\/qs100_2_smarthome_final_bk_jpg-900x600.webp\" alt=\"Novi standardi doma\u010de projekcije: Epson EH-QB1000 i EH-QS100\"\/>\r\n\t\t\t\t\t\t\t\t\t\r\n\t\t\t\t\t\t\t\t<\/div>\r\n\t\t\t\t\t\t\t\t<div class=\"dfd-blog-heading-wrap\"><div class=\"dfd-news-categories\">                <span class=\"byline category\">\r\n                    <a href=\"https:\/\/projekt.sonusart.eu\/sl\/category\/blog\/\" class=\"fn\">\r\n                        <span class=\"cat-name\">Blog<\/span>\r\n                    <\/a>\r\n                <\/span>\r\n                        <svg xmlns=\"http:\/\/www.w3.org\/2000\/svg\" width=\"24\" height=\"24\" viewBox=\"0 0 24 24\" fill=\"none\">\r\n            <path d=\"M5 12H19\" stroke=\"#525150\" stroke-width=\"2\" stroke-linecap=\"round\" stroke-linejoin=\"round\"><\/path>\r\n            <path d=\"M12 5L19 12L12 19\" stroke=\"#525150\" stroke-width=\"2\" stroke-linecap=\"round\" stroke-linejoin=\"round\"><\/path>\r\n        <\/svg>\r\n        <\/div><div class=\"dfd-blog-title widget-title\" style=\"\"><a href=\"https:\/\/projekt.sonusart.eu\/sl\/novi-standardi-domace-projekcije-epson-eh-qb1000-i-eh-qs100\/\" title=\"Novi standardi doma\u010de projekcije: Epson EH-QB1000 i EH-QS100\">Novi standardi doma\u010de projekcije: Epson EH-QB1000 i EH-QS100<\/a><\/div><\/div>\t\t\t\t\t\t\t<\/div>\r\n\t\t\t\t\t\t\t\t\t\t\t\t\t\t\t\t\t\t<\/div>\r\n\t\t\t\t<\/div>\r\n\t\t\t\t\t\t\t\t<div class=\"post-6162 post type-post status-publish format-standard has-post-thumbnail hentry category-blog text-center\" data-category=\" blog \">\r\n\t\t\t\t\t<div class=\"cover\">\r\n\t\t\t\t\t\t\t\t\t\t\t\t\t<div class=\"entry-media \">\r\n\t\t\t\t\t\t\t\t<div class=\"entry-thumb\">\r\n\t\t\t\t\t\t\t\t\t<img decoding=\"async\" src=\"https:\/\/projekt.sonusart.eu\/wp-content\/uploads\/2025\/10\/Era-004-300dpi-900x600.jpg\" alt=\"Energetska u\u010dinkovitost z uporabo avtomatizacije doma\"\/>\r\n\t\t\t\t\t\t\t\t\t\r\n\t\t\t\t\t\t\t\t<\/div>\r\n\t\t\t\t\t\t\t\t<div class=\"dfd-blog-heading-wrap\"><div class=\"dfd-news-categories\">                <span class=\"byline category\">\r\n                    <a href=\"https:\/\/projekt.sonusart.eu\/sl\/category\/blog\/\" class=\"fn\">\r\n                        <span class=\"cat-name\">Blog<\/span>\r\n                    <\/a>\r\n                <\/span>\r\n                        <svg xmlns=\"http:\/\/www.w3.org\/2000\/svg\" width=\"24\" height=\"24\" viewBox=\"0 0 24 24\" fill=\"none\">\r\n            <path d=\"M5 12H19\" stroke=\"#525150\" stroke-width=\"2\" stroke-linecap=\"round\" stroke-linejoin=\"round\"><\/path>\r\n            <path d=\"M12 5L19 12L12 19\" stroke=\"#525150\" stroke-width=\"2\" stroke-linecap=\"round\" stroke-linejoin=\"round\"><\/path>\r\n        <\/svg>\r\n        <\/div><div class=\"dfd-blog-title widget-title\" style=\"\"><a href=\"https:\/\/projekt.sonusart.eu\/sl\/energetska-ucinkovitost-z-uporabo-avtomatizacije-doma\/\" title=\"Energetska u\u010dinkovitost z uporabo avtomatizacije doma\">Energetska u\u010dinkovitost z uporabo avtomatizacije doma<\/a><\/div><\/div>\t\t\t\t\t\t\t<\/div>\r\n\t\t\t\t\t\t\t\t\t\t\t\t\t\t\t\t\t\t<\/div>\r\n\t\t\t\t<\/div>\r\n\t\t\t\t\t\t\t\t<div class=\"post-6101 post type-post status-publish format-standard has-post-thumbnail hentry category-blog text-center\" data-category=\" blog \">\r\n\t\t\t\t\t<div class=\"cover\">\r\n\t\t\t\t\t\t\t\t\t\t\t\t\t<div class=\"entry-media \">\r\n\t\t\t\t\t\t\t\t<div class=\"entry-thumb\">\r\n\t\t\t\t\t\t\t\t\t<img decoding=\"async\" src=\"https:\/\/projekt.sonusart.eu\/wp-content\/uploads\/2025\/09\/REVELO-006-300-900x600.jpg\" alt=\"Avtomatizacija doma za arhitekte: integracija tehnologije v projekte\"\/>\r\n\t\t\t\t\t\t\t\t\t\r\n\t\t\t\t\t\t\t\t<\/div>\r\n\t\t\t\t\t\t\t\t<div class=\"dfd-blog-heading-wrap\"><div class=\"dfd-news-categories\">                <span class=\"byline category\">\r\n                    <a href=\"https:\/\/projekt.sonusart.eu\/sl\/category\/blog\/\" class=\"fn\">\r\n                        <span class=\"cat-name\">Blog<\/span>\r\n                    <\/a>\r\n                <\/span>\r\n                        <svg xmlns=\"http:\/\/www.w3.org\/2000\/svg\" width=\"24\" height=\"24\" viewBox=\"0 0 24 24\" fill=\"none\">\r\n            <path d=\"M5 12H19\" stroke=\"#525150\" stroke-width=\"2\" stroke-linecap=\"round\" stroke-linejoin=\"round\"><\/path>\r\n            <path d=\"M12 5L19 12L12 19\" stroke=\"#525150\" stroke-width=\"2\" stroke-linecap=\"round\" stroke-linejoin=\"round\"><\/path>\r\n        <\/svg>\r\n        <\/div><div class=\"dfd-blog-title widget-title\" style=\"\"><a href=\"https:\/\/projekt.sonusart.eu\/sl\/avtomatizacija-doma-za-arhitekte-integracija-tehnologije-v-projekte\/\" title=\"Avtomatizacija doma za arhitekte: integracija tehnologije v projekte\">Avtomatizacija doma za arhitekte: integracija tehnologije v projekte<\/a><\/div><\/div>\t\t\t\t\t\t\t<\/div>\r\n\t\t\t\t\t\t\t\t\t\t\t\t\t\t\t\t\t\t<\/div>\r\n\t\t\t\t<\/div>\r\n\t\t\t\t\t\t\t\t<div class=\"post-5994 post type-post status-publish format-standard has-post-thumbnail hentry category-blog text-center\" data-category=\" blog \">\r\n\t\t\t\t\t<div class=\"cover\">\r\n\t\t\t\t\t\t\t\t\t\t\t\t\t<div class=\"entry-media \">\r\n\t\t\t\t\t\t\t\t<div class=\"entry-thumb\">\r\n\t\t\t\t\t\t\t\t\t<img decoding=\"async\" src=\"https:\/\/projekt.sonusart.eu\/wp-content\/uploads\/2025\/09\/Aalborg-05-900x600.jpg\" alt=\"Danska znamka, ki prina\u0161a novo filozofijo zvoka in dizajna CANVAS HiFi\"\/>\r\n\t\t\t\t\t\t\t\t\t\r\n\t\t\t\t\t\t\t\t<\/div>\r\n\t\t\t\t\t\t\t\t<div class=\"dfd-blog-heading-wrap\"><div class=\"dfd-news-categories\">                <span class=\"byline category\">\r\n                    <a href=\"https:\/\/projekt.sonusart.eu\/sl\/category\/blog\/\" class=\"fn\">\r\n                        <span class=\"cat-name\">Blog<\/span>\r\n                    <\/a>\r\n                <\/span>\r\n                        <svg xmlns=\"http:\/\/www.w3.org\/2000\/svg\" width=\"24\" height=\"24\" viewBox=\"0 0 24 24\" fill=\"none\">\r\n            <path d=\"M5 12H19\" stroke=\"#525150\" stroke-width=\"2\" stroke-linecap=\"round\" stroke-linejoin=\"round\"><\/path>\r\n            <path d=\"M12 5L19 12L12 19\" stroke=\"#525150\" stroke-width=\"2\" stroke-linecap=\"round\" stroke-linejoin=\"round\"><\/path>\r\n        <\/svg>\r\n        <\/div><div class=\"dfd-blog-title widget-title\" style=\"\"><a href=\"https:\/\/projekt.sonusart.eu\/sl\/danska-znamka-ki-prinasa-novo-filozofijo-zvoka-in-dizajna-canvas-hifi\/\" title=\"Danska znamka, ki prina\u0161a novo filozofijo zvoka in dizajna CANVAS HiFi\">Danska znamka, ki prina\u0161a novo filozofijo zvoka in dizajna CANVAS HiFi<\/a><\/div><\/div>\t\t\t\t\t\t\t<\/div>\r\n\t\t\t\t\t\t\t\t\t\t\t\t\t\t\t\t\t\t<\/div>\r\n\t\t\t\t<\/div>\r\n\t\t\t\t\t\t\t\t<div class=\"post-5903 post type-post status-publish format-standard has-post-thumbnail hentry category-blog text-center\" data-category=\" blog \">\r\n\t\t\t\t\t<div class=\"cover\">\r\n\t\t\t\t\t\t\t\t\t\t\t\t\t<div class=\"entry-media \">\r\n\t\t\t\t\t\t\t\t<div class=\"entry-thumb\">\r\n\t\t\t\t\t\t\t\t\t<img decoding=\"async\" src=\"https:\/\/projekt.sonusart.eu\/wp-content\/uploads\/2025\/07\/SENTIO-09-900x600.jpg\" alt=\"Top 5 funkcij pametnega doma, ki jih morajo poznati notranji oblikovalci\"\/>\r\n\t\t\t\t\t\t\t\t\t\r\n\t\t\t\t\t\t\t\t<\/div>\r\n\t\t\t\t\t\t\t\t<div class=\"dfd-blog-heading-wrap\"><div class=\"dfd-news-categories\">                <span class=\"byline category\">\r\n                    <a href=\"https:\/\/projekt.sonusart.eu\/sl\/category\/blog\/\" class=\"fn\">\r\n                        <span class=\"cat-name\">Blog<\/span>\r\n                    <\/a>\r\n                <\/span>\r\n                        <svg xmlns=\"http:\/\/www.w3.org\/2000\/svg\" width=\"24\" height=\"24\" viewBox=\"0 0 24 24\" fill=\"none\">\r\n            <path d=\"M5 12H19\" stroke=\"#525150\" stroke-width=\"2\" stroke-linecap=\"round\" stroke-linejoin=\"round\"><\/path>\r\n            <path d=\"M12 5L19 12L12 19\" stroke=\"#525150\" stroke-width=\"2\" stroke-linecap=\"round\" stroke-linejoin=\"round\"><\/path>\r\n        <\/svg>\r\n        <\/div><div class=\"dfd-blog-title widget-title\" style=\"\"><a href=\"https:\/\/projekt.sonusart.eu\/sl\/top-5-funkcij-pametnega-doma-ki-jih-morajo-poznati-notranji-oblikovalci\/\" title=\"Top 5 funkcij pametnega doma, ki jih morajo poznati notranji oblikovalci\">Top 5 funkcij pametnega doma, ki jih morajo poznati notranji oblikovalci<\/a><\/div><\/div>\t\t\t\t\t\t\t<\/div>\r\n\t\t\t\t\t\t\t\t\t\t\t\t\t\t\t\t\t\t<\/div>\r\n\t\t\t\t<\/div>\r\n\t\t\t\t\t\t\t\t<div class=\"post-6231 post type-post status-publish format-standard has-post-thumbnail hentry category-blog text-center\" data-category=\" blog \">\r\n\t\t\t\t\t<div class=\"cover\">\r\n\t\t\t\t\t\t\t\t\t\t\t\t\t<div class=\"entry-media \">\r\n\t\t\t\t\t\t\t\t<div class=\"entry-thumb\">\r\n\t\t\t\t\t\t\t\t\t<img decoding=\"async\" src=\"https:\/\/projekt.sonusart.eu\/wp-content\/uploads\/2025\/05\/pagina-singola-DEEP-NTM-900x600.jpg\" alt=\"10 razlogov za avtomatizacijo\"\/>\r\n\t\t\t\t\t\t\t\t\t\r\n\t\t\t\t\t\t\t\t<\/div>\r\n\t\t\t\t\t\t\t\t<div class=\"dfd-blog-heading-wrap\"><div class=\"dfd-news-categories\">                <span class=\"byline category\">\r\n                    <a href=\"https:\/\/projekt.sonusart.eu\/sl\/category\/blog\/\" class=\"fn\">\r\n                        <span class=\"cat-name\">Blog<\/span>\r\n                    <\/a>\r\n                <\/span>\r\n                        <svg xmlns=\"http:\/\/www.w3.org\/2000\/svg\" width=\"24\" height=\"24\" viewBox=\"0 0 24 24\" fill=\"none\">\r\n            <path d=\"M5 12H19\" stroke=\"#525150\" stroke-width=\"2\" stroke-linecap=\"round\" stroke-linejoin=\"round\"><\/path>\r\n            <path d=\"M12 5L19 12L12 19\" stroke=\"#525150\" stroke-width=\"2\" stroke-linecap=\"round\" stroke-linejoin=\"round\"><\/path>\r\n        <\/svg>\r\n        <\/div><div class=\"dfd-blog-title widget-title\" style=\"\"><a href=\"https:\/\/projekt.sonusart.eu\/sl\/10-razlogov-za-avtomatizacijo\/\" title=\"10 razlogov za avtomatizacijo\">10 razlogov za avtomatizacijo<\/a><\/div><\/div>\t\t\t\t\t\t\t<\/div>\r\n\t\t\t\t\t\t\t\t\t\t\t\t\t\t\t\t\t\t<\/div>\r\n\t\t\t\t<\/div>\r\n\t\t\t\t\t\t\t\t<div class=\"post-5813 post type-post status-publish format-standard has-post-thumbnail hentry category-blog text-center\" data-category=\" blog \">\r\n\t\t\t\t\t<div class=\"cover\">\r\n\t\t\t\t\t\t\t\t\t\t\t\t\t<div class=\"entry-media \">\r\n\t\t\t\t\t\t\t\t<div class=\"entry-thumb\">\r\n\t\t\t\t\t\t\t\t\t<img decoding=\"async\" src=\"https:\/\/projekt.sonusart.eu\/wp-content\/uploads\/2025\/06\/High-Marantz-Horizon-Midnight-Sky-Location-7-900x600.jpg\" alt=\"Trikrat nagrajeni brez\u017ei\u010dni sistem, ki zdru\u017euje vrhunski zvok in dizajn- Marantz Horizon\"\/>\r\n\t\t\t\t\t\t\t\t\t\r\n\t\t\t\t\t\t\t\t<\/div>\r\n\t\t\t\t\t\t\t\t<div class=\"dfd-blog-heading-wrap\"><div class=\"dfd-news-categories\">                <span class=\"byline category\">\r\n                    <a href=\"https:\/\/projekt.sonusart.eu\/sl\/category\/blog\/\" class=\"fn\">\r\n                        <span class=\"cat-name\">Blog<\/span>\r\n                    <\/a>\r\n                <\/span>\r\n                        <svg xmlns=\"http:\/\/www.w3.org\/2000\/svg\" width=\"24\" height=\"24\" viewBox=\"0 0 24 24\" fill=\"none\">\r\n            <path d=\"M5 12H19\" stroke=\"#525150\" stroke-width=\"2\" stroke-linecap=\"round\" stroke-linejoin=\"round\"><\/path>\r\n            <path d=\"M12 5L19 12L12 19\" stroke=\"#525150\" stroke-width=\"2\" stroke-linecap=\"round\" stroke-linejoin=\"round\"><\/path>\r\n        <\/svg>\r\n        <\/div><div class=\"dfd-blog-title widget-title\" style=\"\"><a href=\"https:\/\/projekt.sonusart.eu\/sl\/trikrat-nagrajeni-brezzicni-sistem-ki-zdruzuje-vrhunski-zvok-in-dizajn-marantz-horizon\/\" title=\"Trikrat nagrajeni brez\u017ei\u010dni sistem, ki zdru\u017euje vrhunski zvok in dizajn- Marantz Horizon\">Trikrat nagrajeni brez\u017ei\u010dni sistem, ki zdru\u017euje vrhunski zvok in dizajn- Marantz Horizon<\/a><\/div><\/div>\t\t\t\t\t\t\t<\/div>\r\n\t\t\t\t\t\t\t\t\t\t\t\t\t\t\t\t\t\t<\/div>\r\n\t\t\t\t<\/div>\r\n\t\t\t\t\t\t\t\t<div class=\"post-5870 post type-post status-publish format-standard has-post-thumbnail hentry category-blog text-center\" data-category=\" blog \">\r\n\t\t\t\t\t<div class=\"cover\">\r\n\t\t\t\t\t\t\t\t\t\t\t\t\t<div class=\"entry-media \">\r\n\t\t\t\t\t\t\t\t<div class=\"entry-thumb\">\r\n\t\t\t\t\t\t\t\t\t<img decoding=\"async\" src=\"https:\/\/projekt.sonusart.eu\/wp-content\/uploads\/2025\/06\/K3G3100-copia1-1-900x600.jpg\" alt=\"Nova dimenzija varnosti doma: kako pametna tehnologija \u0161\u010diti va\u0161o dru\u017eino?\"\/>\r\n\t\t\t\t\t\t\t\t\t\r\n\t\t\t\t\t\t\t\t<\/div>\r\n\t\t\t\t\t\t\t\t<div class=\"dfd-blog-heading-wrap\"><div class=\"dfd-news-categories\">                <span class=\"byline category\">\r\n                    <a href=\"https:\/\/projekt.sonusart.eu\/sl\/category\/blog\/\" class=\"fn\">\r\n                        <span class=\"cat-name\">Blog<\/span>\r\n                    <\/a>\r\n                <\/span>\r\n                        <svg xmlns=\"http:\/\/www.w3.org\/2000\/svg\" width=\"24\" height=\"24\" viewBox=\"0 0 24 24\" fill=\"none\">\r\n            <path d=\"M5 12H19\" stroke=\"#525150\" stroke-width=\"2\" stroke-linecap=\"round\" stroke-linejoin=\"round\"><\/path>\r\n            <path d=\"M12 5L19 12L12 19\" stroke=\"#525150\" stroke-width=\"2\" stroke-linecap=\"round\" stroke-linejoin=\"round\"><\/path>\r\n        <\/svg>\r\n        <\/div><div class=\"dfd-blog-title widget-title\" style=\"\"><a href=\"https:\/\/projekt.sonusart.eu\/sl\/nova-dimenzija-varnosti-doma-kako-pametna-tehnologija-sciti-vaso-druzino\/\" title=\"Nova dimenzija varnosti doma: kako pametna tehnologija \u0161\u010diti va\u0161o dru\u017eino?\">Nova dimenzija varnosti doma: kako pametna tehnologija \u0161\u010diti va\u0161o dru\u017eino?<\/a><\/div><\/div>\t\t\t\t\t\t\t<\/div>\r\n\t\t\t\t\t\t\t\t\t\t\t\t\t\t\t\t\t\t<\/div>\r\n\t\t\t\t<\/div>\r\n\t\t\t\t\t\t\t\t<div class=\"post-5680 post type-post status-publish format-standard has-post-thumbnail hentry category-blog text-center\" data-category=\" blog \">\r\n\t\t\t\t\t<div class=\"cover\">\r\n\t\t\t\t\t\t\t\t\t\t\t\t\t<div class=\"entry-media \">\r\n\t\t\t\t\t\t\t\t<div class=\"entry-thumb\">\r\n\t\t\t\t\t\t\t\t\t<img decoding=\"async\" src=\"https:\/\/projekt.sonusart.eu\/wp-content\/uploads\/2025\/05\/Environment_FR-2_Version-2_small-900x600.jpg\" alt=\"Lyngdorf FR-2: Kombinacija prefinjenega dizajna in vrhunskega zvoka\"\/>\r\n\t\t\t\t\t\t\t\t\t\r\n\t\t\t\t\t\t\t\t<\/div>\r\n\t\t\t\t\t\t\t\t<div class=\"dfd-blog-heading-wrap\"><div class=\"dfd-news-categories\">                <span class=\"byline category\">\r\n                    <a href=\"https:\/\/projekt.sonusart.eu\/sl\/category\/blog\/\" class=\"fn\">\r\n                        <span class=\"cat-name\">Blog<\/span>\r\n                    <\/a>\r\n                <\/span>\r\n                        <svg xmlns=\"http:\/\/www.w3.org\/2000\/svg\" width=\"24\" height=\"24\" viewBox=\"0 0 24 24\" fill=\"none\">\r\n            <path d=\"M5 12H19\" stroke=\"#525150\" stroke-width=\"2\" stroke-linecap=\"round\" stroke-linejoin=\"round\"><\/path>\r\n            <path d=\"M12 5L19 12L12 19\" stroke=\"#525150\" stroke-width=\"2\" stroke-linecap=\"round\" stroke-linejoin=\"round\"><\/path>\r\n        <\/svg>\r\n        <\/div><div class=\"dfd-blog-title widget-title\" style=\"\"><a href=\"https:\/\/projekt.sonusart.eu\/sl\/lyngdorf-fr-2-kombinacija-prefinjenega-dizajna-in-vrhunskega-zvoka\/\" title=\"Lyngdorf FR-2: Kombinacija prefinjenega dizajna in vrhunskega zvoka\">Lyngdorf FR-2: Kombinacija prefinjenega dizajna in vrhunskega zvoka<\/a><\/div><\/div>\t\t\t\t\t\t\t<\/div>\r\n\t\t\t\t\t\t\t\t\t\t\t\t\t\t\t\t\t\t<\/div>\r\n\t\t\t\t<\/div>\r\n\t\t\t\t\t\t<\/div>\r\n\t<\/div>\r\n<\/div><script type=\"text\/javascript\">\r\n\t\t\t\t\t\t\t\t(function($) {$(\"head\").append(\"<style>#dfd-blog-module-69dbea037efe4 .dfd-read-share {border-top-style: dotted; border-bottom-style: dotted;}#dfd-blog-module-69dbea037efe4.dfd-blog-loop.simple .post .cover {border-bottom-style: dotted;}#dfd-blog-module-69dbea037efe4.dfd-blog-loop.with-number-decor .dfd-number-decor {style=&quot;&quot;}#dfd-blog-module-69dbea037efe4 .dfd-blog {margin: -10px;}#dfd-blog-module-69dbea037efe4 .dfd-blog .cover {padding: 10px;}<\/style>\");if(typeof jQuery.fn.initTaxonomyIsotope !== \"undefined\") {\r\n\t\t\t\t\t\tjQuery(\"#dfd-blog-module-69dbea037efe4 .dfd-new-isotope\").initTaxonomyIsotope();\r\n\t\t\t\t\t}})(jQuery);\r\n\t\t\t\t\t\t\t<\/script><\/div>[\/vc_column][\/vc_row]<\/p>\n<\/div>","protected":false},"excerpt":{"rendered":"<p>[vc_row][vc_column][\/vc_column][\/vc_row]<\/p>\n","protected":false},"author":1,"featured_media":0,"parent":0,"menu_order":0,"comment_status":"closed","ping_status":"closed","template":"","meta":{"_acf_changed":false,"footnotes":""},"class_list":["post-5051","page","type-page","status-publish","hentry"],"acf":[],"_links":{"self":[{"href":"https:\/\/projekt.sonusart.eu\/sl\/wp-json\/wp\/v2\/pages\/5051","targetHints":{"allow":["GET"]}}],"collection":[{"href":"https:\/\/projekt.sonusart.eu\/sl\/wp-json\/wp\/v2\/pages"}],"about":[{"href":"https:\/\/projekt.sonusart.eu\/sl\/wp-json\/wp\/v2\/types\/page"}],"author":[{"embeddable":true,"href":"https:\/\/projekt.sonusart.eu\/sl\/wp-json\/wp\/v2\/users\/1"}],"replies":[{"embeddable":true,"href":"https:\/\/projekt.sonusart.eu\/sl\/wp-json\/wp\/v2\/comments?post=5051"}],"version-history":[{"count":9,"href":"https:\/\/projekt.sonusart.eu\/sl\/wp-json\/wp\/v2\/pages\/5051\/revisions"}],"predecessor-version":[{"id":5343,"href":"https:\/\/projekt.sonusart.eu\/sl\/wp-json\/wp\/v2\/pages\/5051\/revisions\/5343"}],"wp:attachment":[{"href":"https:\/\/projekt.sonusart.eu\/sl\/wp-json\/wp\/v2\/media?parent=5051"}],"curies":[{"name":"wp","href":"https:\/\/api.w.org\/{rel}","templated":true}]}}