{"id":4404,"date":"2023-10-06T13:39:14","date_gmt":"2023-10-06T11:39:14","guid":{"rendered":"https:\/\/projekt.sonusart.eu\/?page_id=4404"},"modified":"2024-07-17T11:14:43","modified_gmt":"2024-07-17T09:14:43","slug":"zasebnost-in-varnost","status":"publish","type":"page","link":"https:\/\/projekt.sonusart.eu\/sl\/zasebnost-in-varnost\/","title":{"rendered":"Zasebnost in varnost"},"content":{"rendered":"<p><em><strong>Varovanje zasebnosti na\u0161ih obiskovalcev je ena od na\u0161ih prioritet. Zato vas vabimo, da si ogledate pogoje zasebnosti, ki jih ponujamo spodaj.<\/strong><\/em><\/p>\n<p><em><strong>Kateri podatki se zbirajo?<\/strong><\/em><\/p>\n<p><strong>PODATKI BRSKANJA<\/strong><\/p>\n<p>Med uporabo informacijsko komunikacijski sistemi in programski postopki za upravljanje spletne strani prevzamejo nekatere osebne podatke, katerih prenos je osnova za uporabo internetnih komunikacijskih protokolov.<\/p>\n<p>Gre za podatke, ki niso povezani z dolo\u010denimi posamezniki, vendar bi lahko po svoji naravi z obdelavo in povezovanjem s podatki tretjih oseb omogo\u010dali identifikacijo uporabnika ali podatke o njem.<\/p>\n<p>Ta kategorija podatkov vklju\u010duje naslove IP ali imena domen ra\u010dunalnikov, ki jih uporabljajo uporabniki, ki se povezujejo s spletnim mestom, URI (Uniform Resource Identifier) \u200b\u200bnaslove zahtevanih virov, \u010das zahteve, na\u010din, uporabljen za po\u0161iljanje zahteve stre\u017eniku, velikost datoteke, prejete kot odgovor, \u0161tevil\u010dno kodo, ki ozna\u010duje status odziva stre\u017enika (uspe\u0161no, napaka itd.) in druge parametre, povezane z operacijskim sistemom in uporabniki.<\/p>\n<p>Zgornji podatki se uporabljajo izklju\u010dno za pridobivanje anonimnih nizov statisti\u010dnih podatkov na spletnem mestu in za preverjanje pravilnega delovanja ter se izbri\u0161ejo takoj po obdelavi.<\/p>\n<p><strong>PI\u0160KOTKI<\/strong><\/p>\n<p>Pi\u0161kotki so besedilne datoteke, shranjene v va\u0161em ra\u010dunalniku za zbiranje standardnih internetnih informacij in informacij o vedenju obiskovalcev.<\/p>\n<p>Te informacije se uporabljajo za spremljanje uporabe spletnega mesta in za pripravo statisti\u010dnih poro\u010dil o dejavnostih spletnega mesta. Nastavitve brskalnika lahko prilagodite tako, da ne shranjujete pi\u0161kotkov. Vendar pa v nekaterih primerih nekatere funkcije na\u0161ega spletnega mesta zahtevajo pi\u0161kotke in morda ne bodo delovale, \u010de se odlo\u010dite, da jih ne sprejmete.<\/p>\n<div style=\"overflow-x:auto;\">\n<table>\n<thead>\n<tr>\n<th>Pi\u0161kotki<\/th>\n<th>Trajanje<\/th>\n<th>Namen pi\u0161kotkov<\/th>\n<\/tr>\n<\/thead>\n<tbody>\n<tr>\n<td>\nPHPSESSID\n<\/td>\n<td>\nsejni\n<\/td>\n<td>\nUporablja se za vzpostavitev uporabni\u0161ke seje in prenos podatkov o stanju prek za\u010dasnega pi\u0161kotka.\n<\/td>\n<\/tr>\n<tr>\n<td>\nmoove_gdpr_popup\n<\/td>\n<td>\nstalni\n<\/td>\n<td>\nUporablja se za ugotavljanje, ali je uporabnik pi\u0161kotke sprejel ali zavrnil.\n<\/td>\n<\/tr>\n<tr>\n<td>\nwp-wpml_current_language\n<\/td>\n<td>\nsejni\n<\/td>\n<td>\nUporablja se pri izbiri jezika vsebine.\n<\/td>\n<\/tr>\n<tr>\n<td>\n_ga\n<\/td>\n<td>\n2 godine\n<\/td>\n<td>\nGoogle Anayltics &#8211; Uporablja se za razlikovanje uporabnikov.\n<\/td>\n<\/tr>\n<tr>\n<td>\n_ga_HQ83KJS75N\n<\/td>\n<td>\n2 godine\n<\/td>\n<td>\nGoogle Anayltics &#8211; Uporablja se za vzdr\u017eevanje stanja seje.\n<\/td>\n<\/tr>\n<\/tbody>\n<\/table>\n<\/div>\n<p><a href=\"https:\/\/projekt.sonusart.eu\/#gdpr_cookie_modal\" target=\"_blank\" rel=\"noopener\">Nastavitve pi\u0161kotkov<\/a><\/p>\n<p><strong>KATERE PODATKE ZBIRAMO O VAS?<\/strong><\/p>\n<p>Sonus Art doo lahko zbira naslednje podatke o vas:<\/p>\n<ul>\n<li>Kontaktni podatki: ime in priimek, elektronski naslov.<\/li>\n<li>Va\u0161i interesi v zvezi z uporabo na\u0161ega spletnega mesta: na\u010din uporabe na\u0161ega spletnega mesta, katera skupina artiklov\/storitev je v sferi va\u0161ega zanimanja.<\/li>\n<\/ul>\n<p>Podatki o uporabi spletne strani se zbirajo s pomo\u010djo pi\u0161kotkov.<\/p>\n<p><strong>KAKO BOMO UPORABILI PODATKE O VAS?<\/strong><\/p>\n<p>Podatke o vas zbiramo, da vam po\u0161iljamo glasila, vabila na dogodke, da vas po e-po\u0161ti obve\u0161\u010damo o izdelkih in storitvah, za katere menimo, da bi vas lahko zanimali. Zbiramo tudi statisti\u010dne podatke o obisku, da bi optimizirali na\u0161e spletne strani. Sonus Art ne bo delil va\u0161ih podatkov za tr\u017eenje ali druge namene z drugimi subjekti. Va\u0161ih osebnih podatkov ne bomo obdelovali na noben na\u010din, ki ni opisan v tem pravilniku o zasebnosti. Va\u0161e osebne podatke bomo obdelali na ustrezen in ustrezen na\u010din ter jih omejili na potrebno, pri \u010demer bomo upo\u0161tevali namen, za katerega se podatki uporabljajo. Pri obdelavi uporabljamo najbolj\u0161e razpolo\u017eljive tehni\u010dne mo\u017enosti za\u0161\u010dite in \u0161ifriranja podatkov.<\/p>\n<p>Va\u0161i osebni podatki bodo obdelani samo za navedeni namen.<\/p>\n<p><strong>TR\u017dENJE<\/strong><\/p>\n<p>\u017delimo vam po\u0161iljati informacije o na\u0161ih izdelkih in storitvah. \u010ce ste dali soglasje za prejemanje marketin\u0161kega gradiva, ga lahko pozneje prosto prekli\u010dete.<\/p>\n<p><strong>DRUGE SPLETNE STRANI<\/strong><\/p>\n<p>Na\u0161e spletno mesto vsebuje povezave do drugih spletnih mest. Ta pravilnik o zasebnosti velja samo za spletno mesto Sonus Art, zato, ko obi\u0161\u010dete druga spletna mesta, preberite njihove pravilnike o zasebnosti.<\/p>\n<p><strong>DOSTOP DO VA\u0160IH PODATKOV, SPREMEMBE IN DRUGE PRAVICE<\/strong><\/p>\n<p>Pravico imate zahtevati kopijo podatkov, ki jih hranimo o vas. \u010ce \u017eelite kopijo svojih osebnih podatkov, nas kontaktirajte preko elektronske po\u0161te na info@sonusart.hr.<\/p>\n<p>\u017delimo zagotoviti, da so va\u0161i osebni podatki pravilni in a\u017eurni. Zato nas lahko prosite, da popravimo ali odstranimo napa\u010dne podatke. Prav tako lahko zahtevate, da izbri\u0161emo vse va\u0161e osebne podatke, ki jih hranimo.<\/p>\n<p><strong>PRAVICE V ZVEZI Z OSEBNIMI PODATKI<\/strong><\/p>\n<p>Splo\u0161na uredba o varstvu podatkov (GDPR) je uredba Evropske unije, ki varuje va\u0161e osebne podatke in zahteva, da se zbirajo v skladu z zakonodajo pod strogimi pogoji, za zakonit namen. Osebe ali organizacije, ki zbirajo in upravljajo va\u0161e osebne podatke, jih morajo varovati pred zlorabo in morajo spo\u0161tovati dolo\u010dene pravice lastnikov podatkov, ki jih zagotavlja pravo EU. Zavedajo\u010d se resnosti uredbe, Sonus Art doo svojim obiskovalcem in strankam zagotavlja vse pravice, ki izhajajo iz uredbe GDPR, in sicer: pravico do dostopa, pravico do popravka, pravico do pozabe, pravico do omejitve obdelave, pravico do prenosljivosti, pravica do ugovora, pravica do zavrnitve avtomatizirane obdelave osebnih podatkov, pravica do vlo\u017eitve prito\u017eb in pravica do od\u0161kodnine.<\/p>\n<p>\u010ce uporabljate katero od teh pravic, bomo preverili veljavnost va\u0161e pravice in na morebitno povpra\u0161evanje odgovorili brez odla\u0161anja, najkasneje pa v tridesetih dneh. V zahtevnej\u0161ih primerih ali v primeru prejema velikega \u0161tevila zahtev se ta rok lahko podalj\u0161a za dodatnih \u0161estdeset dni, o \u010demer vas bomo obvestili.<\/p>\n","protected":false},"excerpt":{"rendered":"<p>Varovanje zasebnosti na\u0161ih obiskovalcev je ena od na\u0161ih prioritet. Zato vas vabimo, da si ogledate pogoje zasebnosti, ki jih ponujamo spodaj. Kateri podatki se zbirajo? PODATKI BRSKANJA Med uporabo informacijsko<\/p>\n","protected":false},"author":3,"featured_media":0,"parent":0,"menu_order":0,"comment_status":"closed","ping_status":"open","template":"","meta":{"_acf_changed":false,"footnotes":""},"class_list":["post-4404","page","type-page","status-publish","hentry"],"acf":[],"_links":{"self":[{"href":"https:\/\/projekt.sonusart.eu\/sl\/wp-json\/wp\/v2\/pages\/4404","targetHints":{"allow":["GET"]}}],"collection":[{"href":"https:\/\/projekt.sonusart.eu\/sl\/wp-json\/wp\/v2\/pages"}],"about":[{"href":"https:\/\/projekt.sonusart.eu\/sl\/wp-json\/wp\/v2\/types\/page"}],"author":[{"embeddable":true,"href":"https:\/\/projekt.sonusart.eu\/sl\/wp-json\/wp\/v2\/users\/3"}],"replies":[{"embeddable":true,"href":"https:\/\/projekt.sonusart.eu\/sl\/wp-json\/wp\/v2\/comments?post=4404"}],"version-history":[{"count":4,"href":"https:\/\/projekt.sonusart.eu\/sl\/wp-json\/wp\/v2\/pages\/4404\/revisions"}],"predecessor-version":[{"id":4985,"href":"https:\/\/projekt.sonusart.eu\/sl\/wp-json\/wp\/v2\/pages\/4404\/revisions\/4985"}],"wp:attachment":[{"href":"https:\/\/projekt.sonusart.eu\/sl\/wp-json\/wp\/v2\/media?parent=4404"}],"curies":[{"name":"wp","href":"https:\/\/api.w.org\/{rel}","templated":true}]}}